{"id":53,"date":"2018-03-06T18:28:00","date_gmt":"2018-03-06T18:28:00","guid":{"rendered":"https:\/\/www.fatihboy.com\/?page_id=53"},"modified":"2018-03-06T18:28:59","modified_gmt":"2018-03-06T18:28:59","slug":"posts","status":"publish","type":"page","link":"https:\/\/fatihboy.com\/en\/posts\/","title":{"rendered":"Posts"},"content":{"rendered":"<section class=\"fw-main-row\"  >\n\t<div class=\"fw-container\">\n\t\t<div class=\"row\">\n\t\r\n\r\n<div class=\"col-xs-12 col-sm-12\">\r\n    <div id=\"col_inner_id-6a0806907991c\" class=\"fw-col-inner\" data-paddings=\"0px 0px 0px 0px\">\r\n\t\t\n<div class=\"blog-masonry two-columns clearfix\">\n                            <!-- Blog Post 18253 -->\n                        <div class=\"item post-18253\">\n                          <div class=\"blog-card\">\n                            <div class=\"media-block\">\n                                <div class=\"category\">\n                                    <a href=\"https:\/\/fatihboy.com\/en\/category\/kubernetes\/\" title=\"View all posts in Kubernetes\">Kubernetes<\/a> <a href=\"https:\/\/fatihboy.com\/en\/category\/rancher\/\" title=\"View all posts in Rancher\">Rancher<\/a>                                <\/div>\n                                <a href=\"https:\/\/fatihboy.com\/en\/rancher-ile-vsphere-uzerinde-kubernetes-clusteri-olusturma\/\">\n                                                                        \n                                                <img decoding=\"async\" src=\"https:\/\/fatihboy.com\/wp-content\/uploads\/2020\/08\/cloud-upload-811x372.png\" alt=\"image\" \/>\n                                                                                    <div class=\"mask\"><\/div>\n                                <\/a>\n                            <\/div>\n                            <div class=\"post-info\">\n                                <div class=\"post-date\">13 Aug 2020<\/div>\n                                <a href=\"https:\/\/fatihboy.com\/en\/rancher-ile-vsphere-uzerinde-kubernetes-clusteri-olusturma\/\"><h4 class=\"blog-item-title\">Rancher ile vSphere \u00dczerinde Kubernetes Cluster&#8217;\u0131 Olu\u015fturma<\/h4><\/a>\n                            <\/div>\n                          <\/div>\n                        <\/div>\n                        <!-- End of Blog Post 18253 -->\n                                            <!-- Blog Post 18232 -->\n                        <div class=\"item post-18232\">\n                          <div class=\"blog-card\">\n                            <div class=\"media-block\">\n                                <div class=\"category\">\n                                    <a href=\"https:\/\/fatihboy.com\/en\/category\/kubernetes\/\" title=\"View all posts in Kubernetes\">Kubernetes<\/a> <a href=\"https:\/\/fatihboy.com\/en\/category\/rancher\/\" title=\"View all posts in Rancher\">Rancher<\/a>                                <\/div>\n                                <a href=\"https:\/\/fatihboy.com\/en\/rancher-kubernetes-clusteri-import-etme\/\">\n                                                                        \n                                                <img decoding=\"async\" src=\"https:\/\/fatihboy.com\/wp-content\/uploads\/2020\/08\/cowboy-rodeo-811x372.png\" alt=\"image\" \/>\n                                                                                    <div class=\"mask\"><\/div>\n                                <\/a>\n                            <\/div>\n                            <div class=\"post-info\">\n                                <div class=\"post-date\">11 Aug 2020<\/div>\n                                <a href=\"https:\/\/fatihboy.com\/en\/rancher-kubernetes-clusteri-import-etme\/\"><h4 class=\"blog-item-title\">Rancher, Kubernetes Cluster&#8217;\u0131 Import etme<\/h4><\/a>\n                            <\/div>\n                          <\/div>\n                        <\/div>\n                        <!-- End of Blog Post 18232 -->\n                                            <!-- Blog Post 18224 -->\n                        <div class=\"item post-18224\">\n                          <div class=\"blog-card\">\n                            <div class=\"media-block\">\n                                <div class=\"category\">\n                                    <a href=\"https:\/\/fatihboy.com\/en\/category\/kubernetes\/\" title=\"View all posts in Kubernetes\">Kubernetes<\/a> <a href=\"https:\/\/fatihboy.com\/en\/category\/rancher\/\" title=\"View all posts in Rancher\">Rancher<\/a>                                <\/div>\n                                <a href=\"https:\/\/fatihboy.com\/en\/rke-uzerinde-rancher-kurulumu\/\">\n                                                                        \n                                                <img decoding=\"async\" src=\"https:\/\/fatihboy.com\/wp-content\/uploads\/2020\/08\/farm-811x372.png\" alt=\"image\" \/>\n                                                                                    <div class=\"mask\"><\/div>\n                                <\/a>\n                            <\/div>\n                            <div class=\"post-info\">\n                                <div class=\"post-date\">06 Aug 2020<\/div>\n                                <a href=\"https:\/\/fatihboy.com\/en\/rke-uzerinde-rancher-kurulumu\/\"><h4 class=\"blog-item-title\">RKE \u00dczerinde Rancher Kurulumu<\/h4><\/a>\n                            <\/div>\n                          <\/div>\n                        <\/div>\n                        <!-- End of Blog Post 18224 -->\n                                            <!-- Blog Post 18209 -->\n                        <div class=\"item post-18209\">\n                          <div class=\"blog-card\">\n                            <div class=\"media-block\">\n                                <div class=\"category\">\n                                    <a href=\"https:\/\/fatihboy.com\/en\/category\/kubernetes\/\" title=\"View all posts in Kubernetes\">Kubernetes<\/a> <a href=\"https:\/\/fatihboy.com\/en\/category\/rancher\/\" title=\"View all posts in Rancher\">Rancher<\/a>                                <\/div>\n                                <a href=\"https:\/\/fatihboy.com\/en\/rancheros-nedir-nasil-kurulur\/\">\n                                                                        \n                                                <img decoding=\"async\" src=\"https:\/\/fatihboy.com\/wp-content\/uploads\/2020\/08\/RancherOS-on-pc-811x372.png\" alt=\"image\" \/>\n                                                                                    <div class=\"mask\"><\/div>\n                                <\/a>\n                            <\/div>\n                            <div class=\"post-info\">\n                                <div class=\"post-date\">05 Aug 2020<\/div>\n                                <a href=\"https:\/\/fatihboy.com\/en\/rancheros-nedir-nasil-kurulur\/\"><h4 class=\"blog-item-title\">RancherOS Nedir? Nas\u0131l Kurulur?<\/h4><\/a>\n                            <\/div>\n                          <\/div>\n                        <\/div>\n                        <!-- End of Blog Post 18209 -->\n                                            <!-- Blog Post 18133 -->\n                        <div class=\"item post-18133\">\n                          <div class=\"blog-card\">\n                            <div class=\"media-block\">\n                                <div class=\"category\">\n                                    <a href=\"https:\/\/fatihboy.com\/en\/category\/devops\/\" title=\"View all posts in DevOps\">DevOps<\/a> <a href=\"https:\/\/fatihboy.com\/en\/category\/kubernetes\/\" title=\"View all posts in Kubernetes\">Kubernetes<\/a>                                <\/div>\n                                <a href=\"https:\/\/fatihboy.com\/en\/rancher-kubernetes-engine-rke-kubernetes-kurulumu\/\">\n                                                                        \n                                                <img decoding=\"async\" src=\"https:\/\/fatihboy.com\/wp-content\/uploads\/2020\/07\/Rancher-811x372.png\" alt=\"image\" \/>\n                                                                                    <div class=\"mask\"><\/div>\n                                <\/a>\n                            <\/div>\n                            <div class=\"post-info\">\n                                <div class=\"post-date\">17 Jul 2020<\/div>\n                                <a href=\"https:\/\/fatihboy.com\/en\/rancher-kubernetes-engine-rke-kubernetes-kurulumu\/\"><h4 class=\"blog-item-title\">Rancher Kubernetes Engine (RKE) ile Kubernetes Kurulumu<\/h4><\/a>\n                            <\/div>\n                          <\/div>\n                        <\/div>\n                        <!-- End of Blog Post 18133 -->\n                                            <!-- Blog Post 18141 -->\n                        <div class=\"item post-18141\">\n                          <div class=\"blog-card\">\n                            <div class=\"media-block\">\n                                <div class=\"category\">\n                                    <a href=\"https:\/\/fatihboy.com\/en\/category\/openshift\/\" title=\"View all posts in OpenShift\">OpenShift<\/a>                                <\/div>\n                                <a href=\"https:\/\/fatihboy.com\/en\/okd-4-yayinlandi\/\">\n                                                                        \n                                                <img decoding=\"async\" src=\"https:\/\/fatihboy.com\/wp-content\/uploads\/2020\/07\/annoucement-okd-811x372.png\" alt=\"image\" \/>\n                                                                                    <div class=\"mask\"><\/div>\n                                <\/a>\n                            <\/div>\n                            <div class=\"post-info\">\n                                <div class=\"post-date\">16 Jul 2020<\/div>\n                                <a href=\"https:\/\/fatihboy.com\/en\/okd-4-yayinlandi\/\"><h4 class=\"blog-item-title\">OKD 4 Yay\u0131nland\u0131<\/h4><\/a>\n                            <\/div>\n                          <\/div>\n                        <\/div>\n                        <!-- End of Blog Post 18141 -->\n                                            <!-- Blog Post 228 -->\n                        <div class=\"item post-228\">\n                          <div class=\"blog-card\">\n                            <div class=\"media-block\">\n                                <div class=\"category\">\n                                    <a href=\"https:\/\/fatihboy.com\/en\/category\/kubernetes\/\" title=\"View all posts in Kubernetes\">Kubernetes<\/a> <a href=\"https:\/\/fatihboy.com\/en\/category\/turkce\/\" title=\"View all posts in T\u00fcrk\u00e7e\">T\u00fcrk\u00e7e<\/a>                                <\/div>\n                                <a href=\"https:\/\/fatihboy.com\/en\/ckad-sinav-tavsiyeleri-ve-ipuclari\/\">\n                                                                        \n                                                <img decoding=\"async\" src=\"https:\/\/fatihboy.com\/wp-content\/uploads\/2020\/12\/CKAD-811x372.jpg\" alt=\"image\" \/>\n                                                                                    <div class=\"mask\"><\/div>\n                                <\/a>\n                            <\/div>\n                            <div class=\"post-info\">\n                                <div class=\"post-date\">23 Dec 2019<\/div>\n                                <a href=\"https:\/\/fatihboy.com\/en\/ckad-sinav-tavsiyeleri-ve-ipuclari\/\"><h4 class=\"blog-item-title\">CKAD Tips and Tricks<\/h4><\/a>\n                            <\/div>\n                          <\/div>\n                        <\/div>\n                        <!-- End of Blog Post 228 -->\n                                            <!-- Blog Post 16292 -->\n                        <div class=\"item post-16292\">\n                          <div class=\"blog-card\">\n                            <div class=\"media-block\">\n                                <div class=\"category\">\n                                    <a href=\"https:\/\/fatihboy.com\/en\/category\/kubernetes\/\" title=\"View all posts in Kubernetes\">Kubernetes<\/a> <a href=\"https:\/\/fatihboy.com\/en\/category\/turkce\/\" title=\"View all posts in T\u00fcrk\u00e7e\">T\u00fcrk\u00e7e<\/a>                                <\/div>\n                                <a href=\"https:\/\/fatihboy.com\/en\/bulutta-ide-eclipse-che\/\">\n                                                                        \n                                                <img decoding=\"async\" src=\"https:\/\/fatihboy.com\/wp-content\/uploads\/2019\/12\/CloudIDE-811x372.jpg\" alt=\"image\" \/>\n                                                                                    <div class=\"mask\"><\/div>\n                                <\/a>\n                            <\/div>\n                            <div class=\"post-info\">\n                                <div class=\"post-date\">04 Dec 2019<\/div>\n                                <a href=\"https:\/\/fatihboy.com\/en\/bulutta-ide-eclipse-che\/\"><h4 class=\"blog-item-title\">Bulutta IDE : Eclipse Che<\/h4><\/a>\n                            <\/div>\n                          <\/div>\n                        <\/div>\n                        <!-- End of Blog Post 16292 -->\n                    <\/div>\n\n            <div class=\"see-all-posts\">\n                <a class=\"btn btn-primary\" href=\"https:\/\/fatihboy.com\/en\/blog\/\">See All Posts<\/a>\n            <\/div>\n        \t<\/div>\r\n<\/div>\r\n<\/div>\n\n\t<\/div>\n<\/section>","protected":false},"excerpt":{"rendered":"<p>Giderek her\u015feyin buluta ta\u015f\u0131nd\u0131\u011f\u0131 g\u00fcn\u00fcm\u00fczde, yaz\u0131l\u0131m geli\u015ftirme i\u00e7in kulland\u0131\u011f\u0131m\u0131z IDE&#8217;lerin de halkadaki yerlerini almalar\u0131 ka\u00e7\u0131n\u0131lmaz. Bu konuda ba\u015f\u0131 \u00e7eken Eclipse ailesinin \u00fcyesi ise Eclipse Che. Eclipse Che, Eclipse Foundation&#8217;\u0131n yeni nesil IDE ve platformudur. Geli\u015ftirici \u00e7al\u0131\u015ft\u0131rma alan\u0131 ve bulut tabanl\u0131 IDE&#8217;den olu\u015fmaktad\u0131r. \u0130lk Kubernetes-native IDE olma \u00f6zelli\u011fine sahiptir. Eclipse Che Docker, Kubernetes, Openshift gibi konteynar&#8230;<\/p>\n<p><a class=\"read-more\" href=\"https:\/\/fatihboy.com\/en\/bulutta-ide-eclipse-che\/\">Read More<\/a><\/p>","protected":false},"author":1,"featured_media":0,"parent":0,"menu_order":0,"comment_status":"closed","ping_status":"closed","template":"","meta":{"footnotes":""},"class_list":["post-53","page","type-page","status-publish","hentry","has-post-thumbnail"],"yoast_head":"<!-- This site is optimized with the Yoast SEO plugin v26.7 - https:\/\/yoast.com\/wordpress\/plugins\/seo\/ -->\n<title>Posts - Fatih Boy<\/title>\n<meta name=\"robots\" content=\"index, follow, max-snippet:-1, max-image-preview:large, max-video-preview:-1\" \/>\n<link rel=\"canonical\" href=\"https:\/\/fatihboy.com\/en\/posts\/\" \/>\n<meta property=\"og:locale\" content=\"en_US\" \/>\n<meta property=\"og:type\" content=\"article\" \/>\n<meta property=\"og:title\" content=\"Posts - Fatih Boy\" \/>\n<meta property=\"og:description\" content=\"Giderek her\u015feyin buluta ta\u015f\u0131nd\u0131\u011f\u0131 g\u00fcn\u00fcm\u00fczde, yaz\u0131l\u0131m geli\u015ftirme i\u00e7in kulland\u0131\u011f\u0131m\u0131z IDE&#8217;lerin de halkadaki yerlerini almalar\u0131 ka\u00e7\u0131n\u0131lmaz. Bu konuda ba\u015f\u0131 \u00e7eken Eclipse ailesinin \u00fcyesi ise Eclipse Che. Eclipse Che, Eclipse Foundation&#8217;\u0131n yeni nesil IDE ve platformudur. Geli\u015ftirici \u00e7al\u0131\u015ft\u0131rma alan\u0131 ve bulut tabanl\u0131 IDE&#8217;den olu\u015fmaktad\u0131r. \u0130lk Kubernetes-native IDE olma \u00f6zelli\u011fine sahiptir. Eclipse Che Docker, Kubernetes, Openshift gibi konteynar...Read More\" \/>\n<meta property=\"og:url\" content=\"https:\/\/fatihboy.com\/en\/posts\/\" \/>\n<meta property=\"og:site_name\" content=\"Fatih Boy\" \/>\n<meta property=\"article:modified_time\" content=\"2018-03-06T18:28:59+00:00\" \/>\n<meta property=\"og:image\" content=\"https:\/\/www.fatihboy.com\/wp-content\/uploads\/2018\/03\/blog_image_1.jpg\" \/>\n<meta name=\"twitter:card\" content=\"summary_large_image\" \/>\n<script type=\"application\/ld+json\" class=\"yoast-schema-graph\">{\"@context\":\"https:\/\/schema.org\",\"@graph\":[{\"@type\":\"WebPage\",\"@id\":\"https:\/\/fatihboy.com\/posts\/\",\"url\":\"https:\/\/fatihboy.com\/posts\/\",\"name\":\"Posts - Fatih Boy\",\"isPartOf\":{\"@id\":\"https:\/\/fatihboy.com\/#website\"},\"primaryImageOfPage\":{\"@id\":\"https:\/\/fatihboy.com\/posts\/#primaryimage\"},\"image\":{\"@id\":\"https:\/\/fatihboy.com\/posts\/#primaryimage\"},\"thumbnailUrl\":\"https:\/\/www.fatihboy.com\/wp-content\/uploads\/2018\/03\/blog_image_1.jpg\",\"datePublished\":\"2018-03-06T18:28:00+00:00\",\"dateModified\":\"2018-03-06T18:28:59+00:00\",\"breadcrumb\":{\"@id\":\"https:\/\/fatihboy.com\/posts\/#breadcrumb\"},\"inLanguage\":\"en-US\",\"potentialAction\":[{\"@type\":\"ReadAction\",\"target\":[\"https:\/\/fatihboy.com\/posts\/\"]}]},{\"@type\":\"ImageObject\",\"inLanguage\":\"en-US\",\"@id\":\"https:\/\/fatihboy.com\/posts\/#primaryimage\",\"url\":\"https:\/\/www.fatihboy.com\/wp-content\/uploads\/2018\/03\/blog_image_1.jpg\",\"contentUrl\":\"https:\/\/www.fatihboy.com\/wp-content\/uploads\/2018\/03\/blog_image_1.jpg\"},{\"@type\":\"BreadcrumbList\",\"@id\":\"https:\/\/fatihboy.com\/posts\/#breadcrumb\",\"itemListElement\":[{\"@type\":\"ListItem\",\"position\":1,\"name\":\"Home\",\"item\":\"https:\/\/fatihboy.com\/\"},{\"@type\":\"ListItem\",\"position\":2,\"name\":\"Posts\"}]},{\"@type\":\"WebSite\",\"@id\":\"https:\/\/fatihboy.com\/#website\",\"url\":\"https:\/\/fatihboy.com\/\",\"name\":\"Fatih Boy\",\"description\":\"Ki\u015fisel Web Sitesi\",\"publisher\":{\"@id\":\"https:\/\/fatihboy.com\/#\/schema\/person\/6b06a41d42eed36eaa0780fbeb774158\"},\"potentialAction\":[{\"@type\":\"SearchAction\",\"target\":{\"@type\":\"EntryPoint\",\"urlTemplate\":\"https:\/\/fatihboy.com\/?s={search_term_string}\"},\"query-input\":{\"@type\":\"PropertyValueSpecification\",\"valueRequired\":true,\"valueName\":\"search_term_string\"}}],\"inLanguage\":\"en-US\"},{\"@type\":[\"Person\",\"Organization\"],\"@id\":\"https:\/\/fatihboy.com\/#\/schema\/person\/6b06a41d42eed36eaa0780fbeb774158\",\"name\":\"Fatih Boy\",\"image\":{\"@type\":\"ImageObject\",\"inLanguage\":\"en-US\",\"@id\":\"https:\/\/fatihboy.com\/#\/schema\/person\/image\/\",\"url\":\"https:\/\/secure.gravatar.com\/avatar\/5b3de123ad95a2ffe30b75a54cee98b55f65185c6d6805b35088a3d945f2feb4?s=96&d=mm&r=g\",\"contentUrl\":\"https:\/\/secure.gravatar.com\/avatar\/5b3de123ad95a2ffe30b75a54cee98b55f65185c6d6805b35088a3d945f2feb4?s=96&d=mm&r=g\",\"caption\":\"Fatih Boy\"},\"logo\":{\"@id\":\"https:\/\/fatihboy.com\/#\/schema\/person\/image\/\"},\"sameAs\":[\"https:\/\/fatihboy.com\"]}]}<\/script>\n<!-- \/ Yoast SEO plugin. -->","yoast_head_json":{"title":"Posts - Fatih Boy","robots":{"index":"index","follow":"follow","max-snippet":"max-snippet:-1","max-image-preview":"max-image-preview:large","max-video-preview":"max-video-preview:-1"},"canonical":"https:\/\/fatihboy.com\/en\/posts\/","og_locale":"en_US","og_type":"article","og_title":"Posts - Fatih Boy","og_description":"Giderek her\u015feyin buluta ta\u015f\u0131nd\u0131\u011f\u0131 g\u00fcn\u00fcm\u00fczde, yaz\u0131l\u0131m geli\u015ftirme i\u00e7in kulland\u0131\u011f\u0131m\u0131z IDE&#8217;lerin de halkadaki yerlerini almalar\u0131 ka\u00e7\u0131n\u0131lmaz. Bu konuda ba\u015f\u0131 \u00e7eken Eclipse ailesinin \u00fcyesi ise Eclipse Che. Eclipse Che, Eclipse Foundation&#8217;\u0131n yeni nesil IDE ve platformudur. Geli\u015ftirici \u00e7al\u0131\u015ft\u0131rma alan\u0131 ve bulut tabanl\u0131 IDE&#8217;den olu\u015fmaktad\u0131r. \u0130lk Kubernetes-native IDE olma \u00f6zelli\u011fine sahiptir. Eclipse Che Docker, Kubernetes, Openshift gibi konteynar...Read More","og_url":"https:\/\/fatihboy.com\/en\/posts\/","og_site_name":"Fatih Boy","article_modified_time":"2018-03-06T18:28:59+00:00","og_image":[{"url":"https:\/\/www.fatihboy.com\/wp-content\/uploads\/2018\/03\/blog_image_1.jpg","type":"","width":"","height":""}],"twitter_card":"summary_large_image","schema":{"@context":"https:\/\/schema.org","@graph":[{"@type":"WebPage","@id":"https:\/\/fatihboy.com\/posts\/","url":"https:\/\/fatihboy.com\/posts\/","name":"Posts - Fatih Boy","isPartOf":{"@id":"https:\/\/fatihboy.com\/#website"},"primaryImageOfPage":{"@id":"https:\/\/fatihboy.com\/posts\/#primaryimage"},"image":{"@id":"https:\/\/fatihboy.com\/posts\/#primaryimage"},"thumbnailUrl":"https:\/\/www.fatihboy.com\/wp-content\/uploads\/2018\/03\/blog_image_1.jpg","datePublished":"2018-03-06T18:28:00+00:00","dateModified":"2018-03-06T18:28:59+00:00","breadcrumb":{"@id":"https:\/\/fatihboy.com\/posts\/#breadcrumb"},"inLanguage":"en-US","potentialAction":[{"@type":"ReadAction","target":["https:\/\/fatihboy.com\/posts\/"]}]},{"@type":"ImageObject","inLanguage":"en-US","@id":"https:\/\/fatihboy.com\/posts\/#primaryimage","url":"https:\/\/www.fatihboy.com\/wp-content\/uploads\/2018\/03\/blog_image_1.jpg","contentUrl":"https:\/\/www.fatihboy.com\/wp-content\/uploads\/2018\/03\/blog_image_1.jpg"},{"@type":"BreadcrumbList","@id":"https:\/\/fatihboy.com\/posts\/#breadcrumb","itemListElement":[{"@type":"ListItem","position":1,"name":"Home","item":"https:\/\/fatihboy.com\/"},{"@type":"ListItem","position":2,"name":"Posts"}]},{"@type":"WebSite","@id":"https:\/\/fatihboy.com\/#website","url":"https:\/\/fatihboy.com\/","name":"Fatih Boy","description":"Ki\u015fisel Web Sitesi","publisher":{"@id":"https:\/\/fatihboy.com\/#\/schema\/person\/6b06a41d42eed36eaa0780fbeb774158"},"potentialAction":[{"@type":"SearchAction","target":{"@type":"EntryPoint","urlTemplate":"https:\/\/fatihboy.com\/?s={search_term_string}"},"query-input":{"@type":"PropertyValueSpecification","valueRequired":true,"valueName":"search_term_string"}}],"inLanguage":"en-US"},{"@type":["Person","Organization"],"@id":"https:\/\/fatihboy.com\/#\/schema\/person\/6b06a41d42eed36eaa0780fbeb774158","name":"Fatih Boy","image":{"@type":"ImageObject","inLanguage":"en-US","@id":"https:\/\/fatihboy.com\/#\/schema\/person\/image\/","url":"https:\/\/secure.gravatar.com\/avatar\/5b3de123ad95a2ffe30b75a54cee98b55f65185c6d6805b35088a3d945f2feb4?s=96&d=mm&r=g","contentUrl":"https:\/\/secure.gravatar.com\/avatar\/5b3de123ad95a2ffe30b75a54cee98b55f65185c6d6805b35088a3d945f2feb4?s=96&d=mm&r=g","caption":"Fatih Boy"},"logo":{"@id":"https:\/\/fatihboy.com\/#\/schema\/person\/image\/"},"sameAs":["https:\/\/fatihboy.com"]}]}},"brizy_media":[],"_links":{"self":[{"href":"https:\/\/fatihboy.com\/en\/wp-json\/wp\/v2\/pages\/53","targetHints":{"allow":["GET"]}}],"collection":[{"href":"https:\/\/fatihboy.com\/en\/wp-json\/wp\/v2\/pages"}],"about":[{"href":"https:\/\/fatihboy.com\/en\/wp-json\/wp\/v2\/types\/page"}],"author":[{"embeddable":true,"href":"https:\/\/fatihboy.com\/en\/wp-json\/wp\/v2\/users\/1"}],"replies":[{"embeddable":true,"href":"https:\/\/fatihboy.com\/en\/wp-json\/wp\/v2\/comments?post=53"}],"version-history":[{"count":0,"href":"https:\/\/fatihboy.com\/en\/wp-json\/wp\/v2\/pages\/53\/revisions"}],"wp:attachment":[{"href":"https:\/\/fatihboy.com\/en\/wp-json\/wp\/v2\/media?parent=53"}],"curies":[{"name":"wp","href":"https:\/\/api.w.org\/{rel}","templated":true}]}}