{"id":49,"date":"2018-03-06T18:18:15","date_gmt":"2018-03-06T15:18:15","guid":{"rendered":"https:\/\/www.fatihboy.com\/?page_id=49"},"modified":"2020-12-13T14:26:40","modified_gmt":"2020-12-13T11:26:40","slug":"resume","status":"publish","type":"page","link":"https:\/\/fatihboy.com\/en\/resume\/","title":{"rendered":"\u00d6z Ge\u00e7mi\u015f"},"content":{"rendered":"<section class=\"fw-main-row\"  >\n\t<div class=\"fw-container\">\n\t\t<div class=\"row\">\n\t\r\n\r\n<div class=\"col-xs-12 col-sm-4\">\r\n    <div id=\"col_inner_id-6a08069d18f27\" class=\"fw-col-inner\" data-paddings=\"0px 0px 30px 0px\">\r\n\t\t\n<div class=\"block-title\">\n    <h3>E\u011fitim<span><\/span><\/h3>\n<\/div>\n\n\n<div id=\"timeline-6a08069d191ba\" class=\"timeline timeline-first-style clearfix\">\n\t\t\t\t\t\n\t\t\t\t<div class=\"timeline-item\">\n\t\t\t\t\t<span class=\"item-period\">2010<\/span>\n\t\t\t<h4 class=\"item-title\">Specialization Course<\/h4>\n\t\t\t<span class=\"item-small\">University of Studies<\/span>\n\t\t\t\t\t\t<div class=\"text\">\n\t\t\t\tMauris magna sapien, pharetra consectetur fringilla vitae, interdum sed tortor.\t\t\t<\/div>\n\t\t<\/div>\n\t\t\t\t\t\t\t\n\t\t\t\t<div class=\"timeline-item\">\n\t\t\t\t\t<span class=\"item-period\">2009<\/span>\n\t\t\t<h4 class=\"item-title\">Specialization Course<\/h4>\n\t\t\t<span class=\"item-small\">University of Studies<\/span>\n\t\t\t\t\t\t<div class=\"text\">\n\t\t\t\tMauris magna sapien, pharetra consectetur fringilla vitae, interdum sed tortor.\t\t\t<\/div>\n\t\t<\/div>\n\t\t\t\t\t\t\t\n\t\t\t\t<div class=\"timeline-item\">\n\t\t\t\t\t<span class=\"item-period\">2008<\/span>\n\t\t\t<h4 class=\"item-title\">Specialization Course<\/h4>\n\t\t\t<span class=\"item-small\">University of Studies<\/span>\n\t\t\t\t\t\t<div class=\"text\">\n\t\t\t\tMauris magna sapien, pharetra consectetur fringilla vitae, interdum sed tortor.\t\t\t<\/div>\n\t\t<\/div>\n\t\t\t<\/div>\n\t<\/div>\r\n<\/div>\r\n\r\n\r\n<div class=\"col-xs-12 col-sm-4\">\r\n    <div id=\"col_inner_id-6a08069d1925e\" class=\"fw-col-inner\" data-paddings=\"0px 0px 30px 0px\">\r\n\t\t\n<div class=\"block-title\">\n    <h3>Deneyim<span><\/span><\/h3>\n<\/div>\n\n\n<div id=\"timeline-6a08069d192d2\" class=\"timeline timeline-first-style clearfix\">\n\t\t\t\t\t\n\t\t\t\t<div class=\"timeline-item\">\n\t\t\t\t\t<span class=\"item-period\">Dec 2012 - Current<\/span>\n\t\t\t<h4 class=\"item-title\">Frontend-developer<\/h4>\n\t\t\t<span class=\"item-small\">Web Agency<\/span>\n\t\t\t\t\t\t<div class=\"text\">\n\t\t\t\tMauris magna sapien, pharetra consectetur fringilla vitae, interdum sed tortor.\t\t\t<\/div>\n\t\t<\/div>\n\t\t\t\t\t\t\t\n\t\t\t\t<div class=\"timeline-item\">\n\t\t\t\t\t<span class=\"item-period\">Dec 2011 - Nov 2012<\/span>\n\t\t\t<h4 class=\"item-title\">Web Designer<\/h4>\n\t\t\t<span class=\"item-small\">Apple Inc.<\/span>\n\t\t\t\t\t\t<div class=\"text\">\n\t\t\t\tMauris magna sapien, pharetra consectetur fringilla vitae, interdum sed tortor.\t\t\t<\/div>\n\t\t<\/div>\n\t\t\t\t\t\t\t\n\t\t\t\t<div class=\"timeline-item\">\n\t\t\t\t\t<span class=\"item-period\">Jan 2010 - Dec 2011<\/span>\n\t\t\t<h4 class=\"item-title\">Graphic Designer<\/h4>\n\t\t\t<span class=\"item-small\">Web Agency<\/span>\n\t\t\t\t\t\t<div class=\"text\">\n\t\t\t\tMauris magna sapien, pharetra consectetur fringilla vitae, interdum sed tortor.\t\t\t<\/div>\n\t\t<\/div>\n\t\t\t<\/div>\n\t<\/div>\r\n<\/div>\r\n\r\n\r\n<div class=\"col-xs-12 col-sm-4\">\r\n    <div id=\"col_inner_id-6a08069d19358\" class=\"fw-col-inner\" data-paddings=\"0px 0px 30px 0px\">\r\n\t\t\n\t<div class=\"block-title fw-skills-title\">\n\t\t<h3>Design Skills<\/h3>\n\t<\/div>\n\n<div id=\"skills-6a08069d194b3\" class=\"skills-info skills-first-style\">\n\t\t\t\t\t\t<h4>Web Design<\/h4>                               \n\t\t\t<div id=\"skill-737e7345e6f62da808ebf50bdf652b5d\" data-value=\"88\" data-color=\"\" class=\"skill-container\">\n\t\t\t\t<div class=\"skill-percentage\"><\/div>\n\t\t\t<\/div>\n\t\t\t\t\t\t\t\t<h4>Graphic Design<\/h4>                               \n\t\t\t<div id=\"skill-411b26c4ce213f0332ac886fd3e7af5d\" data-value=\"75\" data-color=\"\" class=\"skill-container\">\n\t\t\t\t<div class=\"skill-percentage\"><\/div>\n\t\t\t<\/div>\n\t\t\t\t\t\t\t\t<h4>Print Design<\/h4>                               \n\t\t\t<div id=\"skill-6444ac2461d2cef1d1b1026cca7a6cc0\" data-value=\"60\" data-color=\"\" class=\"skill-container\">\n\t\t\t\t<div class=\"skill-percentage\"><\/div>\n\t\t\t<\/div>\n\t\t\t<\/div>\n\n\t<div class=\"block-title fw-skills-title\">\n\t\t<h3>Coding Skills<\/h3>\n\t<\/div>\n\n<div id=\"skills-6a08069d1952d\" class=\"skills-info skills-first-style\">\n\t\t\t\t\t\t<h4>HML5<\/h4>                               \n\t\t\t<div id=\"skill-fca4dcaacee81005daee60fc1c52e1ea\" data-value=\"95\" data-color=\"\" class=\"skill-container\">\n\t\t\t\t<div class=\"skill-percentage\"><\/div>\n\t\t\t<\/div>\n\t\t\t\t\t\t\t\t<h4>CSS3<\/h4>                               \n\t\t\t<div id=\"skill-8782324f77da80e4c30f630c9e3ef264\" data-value=\"85\" data-color=\"\" class=\"skill-container\">\n\t\t\t\t<div class=\"skill-percentage\"><\/div>\n\t\t\t<\/div>\n\t\t\t\t\t\t\t\t<h4>jQuery<\/h4>                               \n\t\t\t<div id=\"skill-31a103512035a61f50cfc130e995ede5\" data-value=\"72\" data-color=\"\" class=\"skill-container\">\n\t\t\t\t<div class=\"skill-percentage\"><\/div>\n\t\t\t<\/div>\n\t\t\t\t\t\t\t\t<h4>WordPress<\/h4>                               \n\t\t\t<div id=\"skill-b0fc0d04ab323e769d3712ad76e19ba2\" data-value=\"60\" data-color=\"\" class=\"skill-container\">\n\t\t\t\t<div class=\"skill-percentage\"><\/div>\n\t\t\t<\/div>\n\t\t\t\t\t\t\t\t<h4>PHP<\/h4>                               \n\t\t\t<div id=\"skill-cc652d4b3496dcaa017abe98c3da17c0\" data-value=\"77\" data-color=\"\" class=\"skill-container\">\n\t\t\t\t<div class=\"skill-percentage\"><\/div>\n\t\t\t<\/div>\n\t\t\t<\/div>\n\t<\/div>\r\n<\/div>\r\n<\/div>\n\n<div class=\"row\">\n\t\r\n\r\n<div class=\"col-xs-12 col-sm-12\">\r\n    <div id=\"col_inner_id-6a08069d19607\" class=\"fw-col-inner\" data-paddings=\"0px 0px 0px 0px\">\r\n\t\t<a href=\"#\" target=\"_self\" id=\"button_8814124a3b2c6e83109f11feb2fc4e0a\" class=\"btn btn-primary\" data-mtop=\"0\" data-mbottom=\"0\">Download CV<\/a>\t<\/div>\r\n<\/div>\r\n<\/div>\n\n\t<\/div>\n<\/section>","protected":false},"excerpt":{"rendered":"<p>E\u011fitim 2010 Specialization Course University of Studies Mauris magna sapien, pharetra consectetur fringilla vitae, interdum sed tortor. 2009 Specialization Course University of Studies Mauris magna sapien, pharetra consectetur fringilla vitae, interdum sed tortor. 2008 Specialization Course University of Studies Mauris magna sapien, pharetra consectetur fringilla vitae, interdum sed tortor. Deneyim Dec 2012 &#8211; Current Frontend-developer&#8230;<\/p>\n<p><a class=\"read-more\" href=\"https:\/\/fatihboy.com\/en\/resume\/\">Read More<\/a><\/p>","protected":false},"author":1,"featured_media":0,"parent":0,"menu_order":0,"comment_status":"closed","ping_status":"closed","template":"","meta":{"footnotes":""},"class_list":["post-49","page","type-page","status-publish","hentry"],"yoast_head":"<!-- This site is optimized with the Yoast SEO plugin v26.7 - https:\/\/yoast.com\/wordpress\/plugins\/seo\/ -->\n<title>\u00d6z Ge\u00e7mi\u015f - Fatih Boy<\/title>\n<meta name=\"robots\" content=\"index, follow, max-snippet:-1, max-image-preview:large, max-video-preview:-1\" \/>\n<link rel=\"canonical\" href=\"https:\/\/fatihboy.com\/en\/resume\/\" \/>\n<meta property=\"og:locale\" content=\"en_US\" \/>\n<meta property=\"og:type\" content=\"article\" \/>\n<meta property=\"og:title\" content=\"\u00d6z Ge\u00e7mi\u015f - Fatih Boy\" \/>\n<meta property=\"og:description\" content=\"E\u011fitim 2010 Specialization Course University of Studies Mauris magna sapien, pharetra consectetur fringilla vitae, interdum sed tortor. 2009 Specialization Course University of Studies Mauris magna sapien, pharetra consectetur fringilla vitae, interdum sed tortor. 2008 Specialization Course University of Studies Mauris magna sapien, pharetra consectetur fringilla vitae, interdum sed tortor. Deneyim Dec 2012 - Current Frontend-developer...Read More\" \/>\n<meta property=\"og:url\" content=\"https:\/\/fatihboy.com\/en\/resume\/\" \/>\n<meta property=\"og:site_name\" content=\"Fatih Boy\" \/>\n<meta property=\"article:modified_time\" content=\"2020-12-13T11:26:40+00:00\" \/>\n<meta name=\"twitter:card\" content=\"summary_large_image\" \/>\n<meta name=\"twitter:label1\" content=\"Est. reading time\" \/>\n\t<meta name=\"twitter:data1\" content=\"1 minute\" \/>\n<script type=\"application\/ld+json\" class=\"yoast-schema-graph\">{\"@context\":\"https:\/\/schema.org\",\"@graph\":[{\"@type\":\"WebPage\",\"@id\":\"https:\/\/fatihboy.com\/resume\/\",\"url\":\"https:\/\/fatihboy.com\/resume\/\",\"name\":\"\u00d6z Ge\u00e7mi\u015f - Fatih Boy\",\"isPartOf\":{\"@id\":\"https:\/\/fatihboy.com\/#website\"},\"datePublished\":\"2018-03-06T15:18:15+00:00\",\"dateModified\":\"2020-12-13T11:26:40+00:00\",\"breadcrumb\":{\"@id\":\"https:\/\/fatihboy.com\/resume\/#breadcrumb\"},\"inLanguage\":\"en-US\",\"potentialAction\":[{\"@type\":\"ReadAction\",\"target\":[\"https:\/\/fatihboy.com\/resume\/\"]}]},{\"@type\":\"BreadcrumbList\",\"@id\":\"https:\/\/fatihboy.com\/resume\/#breadcrumb\",\"itemListElement\":[{\"@type\":\"ListItem\",\"position\":1,\"name\":\"Home\",\"item\":\"https:\/\/fatihboy.com\/\"},{\"@type\":\"ListItem\",\"position\":2,\"name\":\"\u00d6z Ge\u00e7mi\u015f\"}]},{\"@type\":\"WebSite\",\"@id\":\"https:\/\/fatihboy.com\/#website\",\"url\":\"https:\/\/fatihboy.com\/\",\"name\":\"Fatih Boy\",\"description\":\"Ki\u015fisel Web Sitesi\",\"publisher\":{\"@id\":\"https:\/\/fatihboy.com\/#\/schema\/person\/6b06a41d42eed36eaa0780fbeb774158\"},\"potentialAction\":[{\"@type\":\"SearchAction\",\"target\":{\"@type\":\"EntryPoint\",\"urlTemplate\":\"https:\/\/fatihboy.com\/?s={search_term_string}\"},\"query-input\":{\"@type\":\"PropertyValueSpecification\",\"valueRequired\":true,\"valueName\":\"search_term_string\"}}],\"inLanguage\":\"en-US\"},{\"@type\":[\"Person\",\"Organization\"],\"@id\":\"https:\/\/fatihboy.com\/#\/schema\/person\/6b06a41d42eed36eaa0780fbeb774158\",\"name\":\"Fatih Boy\",\"image\":{\"@type\":\"ImageObject\",\"inLanguage\":\"en-US\",\"@id\":\"https:\/\/fatihboy.com\/#\/schema\/person\/image\/\",\"url\":\"https:\/\/secure.gravatar.com\/avatar\/5b3de123ad95a2ffe30b75a54cee98b55f65185c6d6805b35088a3d945f2feb4?s=96&d=mm&r=g\",\"contentUrl\":\"https:\/\/secure.gravatar.com\/avatar\/5b3de123ad95a2ffe30b75a54cee98b55f65185c6d6805b35088a3d945f2feb4?s=96&d=mm&r=g\",\"caption\":\"Fatih Boy\"},\"logo\":{\"@id\":\"https:\/\/fatihboy.com\/#\/schema\/person\/image\/\"},\"sameAs\":[\"https:\/\/fatihboy.com\"]}]}<\/script>\n<!-- \/ Yoast SEO plugin. -->","yoast_head_json":{"title":"\u00d6z Ge\u00e7mi\u015f - Fatih Boy","robots":{"index":"index","follow":"follow","max-snippet":"max-snippet:-1","max-image-preview":"max-image-preview:large","max-video-preview":"max-video-preview:-1"},"canonical":"https:\/\/fatihboy.com\/en\/resume\/","og_locale":"en_US","og_type":"article","og_title":"\u00d6z Ge\u00e7mi\u015f - Fatih Boy","og_description":"E\u011fitim 2010 Specialization Course University of Studies Mauris magna sapien, pharetra consectetur fringilla vitae, interdum sed tortor. 2009 Specialization Course University of Studies Mauris magna sapien, pharetra consectetur fringilla vitae, interdum sed tortor. 2008 Specialization Course University of Studies Mauris magna sapien, pharetra consectetur fringilla vitae, interdum sed tortor. Deneyim Dec 2012 - Current Frontend-developer...Read More","og_url":"https:\/\/fatihboy.com\/en\/resume\/","og_site_name":"Fatih Boy","article_modified_time":"2020-12-13T11:26:40+00:00","twitter_card":"summary_large_image","twitter_misc":{"Est. reading time":"1 minute"},"schema":{"@context":"https:\/\/schema.org","@graph":[{"@type":"WebPage","@id":"https:\/\/fatihboy.com\/resume\/","url":"https:\/\/fatihboy.com\/resume\/","name":"\u00d6z Ge\u00e7mi\u015f - Fatih Boy","isPartOf":{"@id":"https:\/\/fatihboy.com\/#website"},"datePublished":"2018-03-06T15:18:15+00:00","dateModified":"2020-12-13T11:26:40+00:00","breadcrumb":{"@id":"https:\/\/fatihboy.com\/resume\/#breadcrumb"},"inLanguage":"en-US","potentialAction":[{"@type":"ReadAction","target":["https:\/\/fatihboy.com\/resume\/"]}]},{"@type":"BreadcrumbList","@id":"https:\/\/fatihboy.com\/resume\/#breadcrumb","itemListElement":[{"@type":"ListItem","position":1,"name":"Home","item":"https:\/\/fatihboy.com\/"},{"@type":"ListItem","position":2,"name":"\u00d6z Ge\u00e7mi\u015f"}]},{"@type":"WebSite","@id":"https:\/\/fatihboy.com\/#website","url":"https:\/\/fatihboy.com\/","name":"Fatih Boy","description":"Ki\u015fisel Web Sitesi","publisher":{"@id":"https:\/\/fatihboy.com\/#\/schema\/person\/6b06a41d42eed36eaa0780fbeb774158"},"potentialAction":[{"@type":"SearchAction","target":{"@type":"EntryPoint","urlTemplate":"https:\/\/fatihboy.com\/?s={search_term_string}"},"query-input":{"@type":"PropertyValueSpecification","valueRequired":true,"valueName":"search_term_string"}}],"inLanguage":"en-US"},{"@type":["Person","Organization"],"@id":"https:\/\/fatihboy.com\/#\/schema\/person\/6b06a41d42eed36eaa0780fbeb774158","name":"Fatih Boy","image":{"@type":"ImageObject","inLanguage":"en-US","@id":"https:\/\/fatihboy.com\/#\/schema\/person\/image\/","url":"https:\/\/secure.gravatar.com\/avatar\/5b3de123ad95a2ffe30b75a54cee98b55f65185c6d6805b35088a3d945f2feb4?s=96&d=mm&r=g","contentUrl":"https:\/\/secure.gravatar.com\/avatar\/5b3de123ad95a2ffe30b75a54cee98b55f65185c6d6805b35088a3d945f2feb4?s=96&d=mm&r=g","caption":"Fatih Boy"},"logo":{"@id":"https:\/\/fatihboy.com\/#\/schema\/person\/image\/"},"sameAs":["https:\/\/fatihboy.com"]}]}},"brizy_media":[],"_links":{"self":[{"href":"https:\/\/fatihboy.com\/en\/wp-json\/wp\/v2\/pages\/49","targetHints":{"allow":["GET"]}}],"collection":[{"href":"https:\/\/fatihboy.com\/en\/wp-json\/wp\/v2\/pages"}],"about":[{"href":"https:\/\/fatihboy.com\/en\/wp-json\/wp\/v2\/types\/page"}],"author":[{"embeddable":true,"href":"https:\/\/fatihboy.com\/en\/wp-json\/wp\/v2\/users\/1"}],"replies":[{"embeddable":true,"href":"https:\/\/fatihboy.com\/en\/wp-json\/wp\/v2\/comments?post=49"}],"version-history":[{"count":2,"href":"https:\/\/fatihboy.com\/en\/wp-json\/wp\/v2\/pages\/49\/revisions"}],"predecessor-version":[{"id":160,"href":"https:\/\/fatihboy.com\/en\/wp-json\/wp\/v2\/pages\/49\/revisions\/160"}],"wp:attachment":[{"href":"https:\/\/fatihboy.com\/en\/wp-json\/wp\/v2\/media?parent=49"}],"curies":[{"name":"wp","href":"https:\/\/api.w.org\/{rel}","templated":true}]}}